{"id":885,"date":"2026-02-05T14:52:49","date_gmt":"2026-02-05T14:52:49","guid":{"rendered":"https:\/\/raffodev.com\/droha-free\/"},"modified":"2026-02-10T20:49:33","modified_gmt":"2026-02-10T20:49:33","slug":"productos","status":"publish","type":"page","link":"https:\/\/raffodev.com\/es\/productos\/","title":{"rendered":"Productos"},"content":{"rendered":"<div data-elementor-type=\"wp-page\" data-elementor-id=\"885\" class=\"elementor elementor-885\">\n\t\t\t\t<div class=\"elementor-element elementor-element-3a23f755 e-con-full e-flex e-con e-parent\" data-id=\"3a23f755\" data-element_type=\"container\" data-settings=\"{&quot;background_background&quot;:&quot;classic&quot;}\">\n\t\t\t\t<div class=\"elementor-element elementor-element-6f3c9258 elementor-widget elementor-widget-heading\" data-id=\"6f3c9258\" data-element_type=\"widget\" data-widget_type=\"heading.default\">\n\t\t\t\t<div class=\"elementor-widget-container\">\n\t\t\t\t\t<h2 class=\"elementor-heading-title elementor-size-default\">productos<\/h2>\t\t\t\t<\/div>\n\t\t\t\t<\/div>\n\t\t\t\t<\/div>\n\t\t<div class=\"elementor-element elementor-element-104886b5 e-con-full e-flex e-con e-parent\" data-id=\"104886b5\" data-element_type=\"container\" data-settings=\"{&quot;background_background&quot;:&quot;classic&quot;}\">\n\t\t<div class=\"elementor-element elementor-element-2e68d529 e-con-full e-flex e-con e-child\" data-id=\"2e68d529\" data-element_type=\"container\">\n\t\t\t\t<div class=\"elementor-element elementor-element-1e8c024a elementor-widget elementor-widget-heading\" data-id=\"1e8c024a\" data-element_type=\"widget\" data-widget_type=\"heading.default\">\n\t\t\t\t<div class=\"elementor-widget-container\">\n\t\t\t\t\t<h2 class=\"elementor-heading-title elementor-size-default\">Inteligencia Artificial<\/h2>\t\t\t\t<\/div>\n\t\t\t\t<\/div>\n\t\t<div class=\"elementor-element elementor-element-343412d5 e-con-full e-flex e-con e-child\" data-id=\"343412d5\" data-element_type=\"container\">\n\t\t<div class=\"elementor-element elementor-element-28b0b0b9 e-con-full e-flex e-con e-child\" data-id=\"28b0b0b9\" data-element_type=\"container\">\n\t\t\t\t<div class=\"elementor-element elementor-element-5e9d50fb elementor-widget elementor-widget-heading\" data-id=\"5e9d50fb\" data-element_type=\"widget\" data-widget_type=\"heading.default\">\n\t\t\t\t<div class=\"elementor-widget-container\">\n\t\t\t\t\t<h2 class=\"elementor-heading-title elementor-size-default\"><p>Ayudamos a las empresas a crecer y operar de forma m\u00e1s eficiente mediante la Inteligencia Artificial.<\/p><p>Nuestras soluciones de IA automatizan tareas repetitivas, mejoran la experiencia del cliente y transforman los datos en insights estrat\u00e9gicos. Desarrollamos sistemas inteligentes que reducen costos, aumentan la eficiencia y generan nuevas oportunidades de crecimiento digital.<span style=\"font-size: 2vw\"><\/span><\/p><\/h2>\t\t\t\t<\/div>\n\t\t\t\t<\/div>\n\t\t<div class=\"elementor-element elementor-element-6474e6cb e-con-full e-flex e-con e-child\" data-id=\"6474e6cb\" data-element_type=\"container\">\n\t\t\t\t<div class=\"elementor-element elementor-element-21ad5a90 elementor-align-left elementor-widget__width-auto elementor-widget elementor-widget-button\" data-id=\"21ad5a90\" data-element_type=\"widget\" data-widget_type=\"button.default\">\n\t\t\t\t<div class=\"elementor-widget-container\">\n\t\t\t\t\t\t\t\t\t<div class=\"elementor-button-wrapper\">\n\t\t\t\t\t<a class=\"elementor-button elementor-button-link elementor-size-sm\" href=\"https:\/\/raffodev.com\/es\/contact\/\">\n\t\t\t\t\t\t<span class=\"elementor-button-content-wrapper\">\n\t\t\t\t\t\t\t\t\t<span class=\"elementor-button-text\">M\u00e1s info<\/span>\n\t\t\t\t\t<\/span>\n\t\t\t\t\t<\/a>\n\t\t\t\t<\/div>\n\t\t\t\t\t\t\t\t<\/div>\n\t\t\t\t<\/div>\n\t\t\t\t<\/div>\n\t\t\t\t<\/div>\n\t\t<div class=\"elementor-element elementor-element-71035cc3 elementor-hidden-mobile e-con-full e-flex e-con e-child\" data-id=\"71035cc3\" data-element_type=\"container\">\n\t\t\t\t<div data-uk-parallax=\"rotate: &#039;0,-90&#039;,\" class=\"elementor-element elementor-element-5d1215c8 elementor-view-default elementor-widget elementor-widget-icon\" data-id=\"5d1215c8\" data-element_type=\"widget\" data-widget_type=\"icon.default\">\n\t\t\t\t<div class=\"elementor-widget-container\">\n\t\t\t\t\t\t\t<div class=\"elementor-icon-wrapper\">\n\t\t\t<div class=\"elementor-icon\">\n\t\t\t<i aria-hidden=\"true\" class=\"fas fa-arrow-up\"><\/i>\t\t\t<\/div>\n\t\t<\/div>\n\t\t\t\t\t\t<\/div>\n\t\t\t\t<\/div>\n\t\t\t\t<\/div>\n\t\t\t\t<\/div>\n\t\t\t\t<\/div>\n\t\t\t\t<\/div>\n\t\t<div class=\"elementor-element elementor-element-5ede425 e-flex e-con-boxed e-con e-parent\" data-id=\"5ede425\" data-element_type=\"container\">\n\t\t\t\t\t<div class=\"e-con-inner\">\n\t\t\t\t<div class=\"elementor-element elementor-element-1a6ddb5 elementor-widget elementor-widget-video\" data-id=\"1a6ddb5\" data-element_type=\"widget\" data-settings=\"{&quot;video_type&quot;:&quot;hosted&quot;,&quot;autoplay&quot;:&quot;yes&quot;,&quot;play_on_mobile&quot;:&quot;yes&quot;,&quot;loop&quot;:&quot;yes&quot;}\" data-widget_type=\"video.default\">\n\t\t\t\t<div class=\"elementor-widget-container\">\n\t\t\t\t\t\t\t<div class=\"e-hosted-video elementor-wrapper elementor-open-inline\">\n\t\t\t\t\t<video class=\"elementor-video\" src=\"https:\/\/raffodev.com\/wp-content\/uploads\/2026\/02\/AI-Solutions-Barbadens.mp4\" autoplay=\"\" loop=\"\" playsinline=\"\" controlslist=\"nodownload\"><\/video>\n\t\t\t\t<\/div>\n\t\t\t\t\t\t<\/div>\n\t\t\t\t<\/div>\n\t\t\t\t\t<\/div>\n\t\t\t\t<\/div>\n\t\t<div class=\"elementor-element elementor-element-14958edb e-con-full e-flex e-con e-parent\" data-id=\"14958edb\" data-element_type=\"container\" data-settings=\"{&quot;background_background&quot;:&quot;classic&quot;}\">\n\t\t<div class=\"elementor-element elementor-element-50917733 e-con-full e-flex e-con e-child\" data-id=\"50917733\" data-element_type=\"container\">\n\t\t\t\t<div class=\"elementor-element elementor-element-3c50dbc0 elementor-widget elementor-widget-heading\" data-id=\"3c50dbc0\" data-element_type=\"widget\" data-widget_type=\"heading.default\">\n\t\t\t\t<div class=\"elementor-widget-container\">\n\t\t\t\t\t<h2 class=\"elementor-heading-title elementor-size-default\">apps<\/h2>\t\t\t\t<\/div>\n\t\t\t\t<\/div>\n\t\t<div class=\"elementor-element elementor-element-11ab927 e-con-full e-flex e-con e-child\" data-id=\"11ab927\" data-element_type=\"container\">\n\t\t<div class=\"elementor-element elementor-element-ba7bae7 elementor-hidden-mobile e-con-full e-flex e-con e-child\" data-id=\"ba7bae7\" data-element_type=\"container\">\n\t\t\t\t<div class=\"elementor-element elementor-element-cfd6789 elementor-widget elementor-widget-image\" data-id=\"cfd6789\" data-element_type=\"widget\" data-widget_type=\"image.default\">\n\t\t\t\t<div class=\"elementor-widget-container\">\n\t\t\t\t\t\t\t\t\t\t\t\t\t\t\t<img decoding=\"async\" src=\"https:\/\/raffodev.com\/wp-content\/uploads\/elementor\/thumbs\/IMG_9180-ripu9fc9j4w6moxgu50di8g0khl33awjq0me4pmrvs.png\" title=\"img 9180\" alt=\"img 9180\" loading=\"lazy\" \/>\t\t\t\t\t\t\t\t\t\t\t\t\t\t\t<\/div>\n\t\t\t\t<\/div>\n\t\t\t\t<\/div>\n\t\t<div class=\"elementor-element elementor-element-1b6b2690 e-con-full e-flex e-con e-child\" data-id=\"1b6b2690\" data-element_type=\"container\">\n\t\t\t\t<div class=\"elementor-element elementor-element-1f864958 elementor-widget elementor-widget-heading\" data-id=\"1f864958\" data-element_type=\"widget\" data-widget_type=\"heading.default\">\n\t\t\t\t<div class=\"elementor-widget-container\">\n\t\t\t\t\t<h2 class=\"elementor-heading-title elementor-size-default\"><p>Dise\u00f1amos y desarrollamos aplicaciones iOS de alto rendimiento, optimizadas para iPhone y dispositivos Apple.<\/p><p>Nuestras aplicaciones combinan una experiencia de usuario intuitiva, dise\u00f1o moderno y funcionalidades potentes para ayudar a las empresas a conectar con sus clientes, optimizar procesos y escalar digitalmente. Desde la idea inicial y el dise\u00f1o UI\/UX hasta el desarrollo y la publicaci\u00f3n en la App Store, creamos soluciones m\u00f3viles confiables y escalables utilizando las \u00faltimas tecnolog\u00edas de Apple.<span style=\"font-size: 2vw\"><\/span><\/p><\/h2>\t\t\t\t<\/div>\n\t\t\t\t<\/div>\n\t\t<div class=\"elementor-element elementor-element-64bbc08d e-con-full e-flex e-con e-child\" data-id=\"64bbc08d\" data-element_type=\"container\">\n\t\t\t\t<div class=\"elementor-element elementor-element-18435157 elementor-align-left elementor-widget__width-auto elementor-widget elementor-widget-button\" data-id=\"18435157\" data-element_type=\"widget\" data-widget_type=\"button.default\">\n\t\t\t\t<div class=\"elementor-widget-container\">\n\t\t\t\t\t\t\t\t\t<div class=\"elementor-button-wrapper\">\n\t\t\t\t\t<a class=\"elementor-button elementor-button-link elementor-size-sm\" href=\"https:\/\/raffodev.com\/es\/contact\/\">\n\t\t\t\t\t\t<span class=\"elementor-button-content-wrapper\">\n\t\t\t\t\t\t\t\t\t<span class=\"elementor-button-text\">M\u00e1s info<\/span>\n\t\t\t\t\t<\/span>\n\t\t\t\t\t<\/a>\n\t\t\t\t<\/div>\n\t\t\t\t\t\t\t\t<\/div>\n\t\t\t\t<\/div>\n\t\t\t\t<\/div>\n\t\t\t\t<\/div>\n\t\t\t\t<\/div>\n\t\t\t\t<\/div>\n\t\t\t\t<\/div>\n\t\t<div class=\"elementor-element elementor-element-2a26a01d e-con-full e-flex e-con e-parent\" data-id=\"2a26a01d\" data-element_type=\"container\" data-settings=\"{&quot;background_background&quot;:&quot;classic&quot;}\">\n\t\t<div class=\"elementor-element elementor-element-5c70d53c e-con-full e-flex e-con e-child\" data-id=\"5c70d53c\" data-element_type=\"container\">\n\t\t\t\t<div class=\"elementor-element elementor-element-50498b93 elementor-widget elementor-widget-heading\" data-id=\"50498b93\" data-element_type=\"widget\" data-widget_type=\"heading.default\">\n\t\t\t\t<div class=\"elementor-widget-container\">\n\t\t\t\t\t<h2 class=\"elementor-heading-title elementor-size-default\">Web<\/h2>\t\t\t\t<\/div>\n\t\t\t\t<\/div>\n\t\t<div class=\"elementor-element elementor-element-64af8b44 e-con-full e-flex e-con e-child\" data-id=\"64af8b44\" data-element_type=\"container\">\n\t\t<div class=\"elementor-element elementor-element-51517282 e-con-full e-flex e-con e-child\" data-id=\"51517282\" data-element_type=\"container\">\n\t\t\t\t<div class=\"elementor-element elementor-element-751e5157 elementor-widget elementor-widget-heading\" data-id=\"751e5157\" data-element_type=\"widget\" data-widget_type=\"heading.default\">\n\t\t\t\t<div class=\"elementor-widget-container\">\n\t\t\t\t\t<h2 class=\"elementor-heading-title elementor-size-default\"><p>Creamos sitios web modernos y visualmente atractivos, dise\u00f1ados para ofrecer experiencias de usuario excepcionales y un alto rendimiento digital.<\/p><p>Nuestro proceso de desarrollo web combina dise\u00f1o limpio, navegaci\u00f3n intuitiva y funcionalidades avanzadas para garantizar que tu sitio no solo luzca profesional, sino que tambi\u00e9n rinda al m\u00e1ximo nivel. Integramos plugins potentes y herramientas de optimizaci\u00f3n para mejorar la velocidad, el SEO, la seguridad, la anal\u00edtica y la eficiencia general, ayudando a tu negocio a atraer, involucrar y convertir a m\u00e1s clientes en l\u00ednea.<\/p><\/h2>\t\t\t\t<\/div>\n\t\t\t\t<\/div>\n\t\t<div class=\"elementor-element elementor-element-5ca3b7ae e-con-full e-flex e-con e-child\" data-id=\"5ca3b7ae\" data-element_type=\"container\">\n\t\t\t\t<div class=\"elementor-element elementor-element-31ab52ff elementor-align-left elementor-widget__width-auto elementor-widget elementor-widget-button\" data-id=\"31ab52ff\" data-element_type=\"widget\" data-widget_type=\"button.default\">\n\t\t\t\t<div class=\"elementor-widget-container\">\n\t\t\t\t\t\t\t\t\t<div class=\"elementor-button-wrapper\">\n\t\t\t\t\t<a class=\"elementor-button elementor-button-link elementor-size-sm\" href=\"https:\/\/raffodev.com\/es\/contact\/\">\n\t\t\t\t\t\t<span class=\"elementor-button-content-wrapper\">\n\t\t\t\t\t\t\t\t\t<span class=\"elementor-button-text\">M\u00e1s info<\/span>\n\t\t\t\t\t<\/span>\n\t\t\t\t\t<\/a>\n\t\t\t\t<\/div>\n\t\t\t\t\t\t\t\t<\/div>\n\t\t\t\t<\/div>\n\t\t\t\t<\/div>\n\t\t\t\t<\/div>\n\t\t<div class=\"elementor-element elementor-element-1938b9f6 elementor-hidden-mobile e-con-full e-flex e-con e-child\" data-id=\"1938b9f6\" data-element_type=\"container\">\n\t\t\t\t<div data-uk-parallax=\"rotate: &#039;0,-90&#039;,\" class=\"elementor-element elementor-element-503bc2ec elementor-view-default elementor-widget elementor-widget-icon\" data-id=\"503bc2ec\" data-element_type=\"widget\" data-widget_type=\"icon.default\">\n\t\t\t\t<div class=\"elementor-widget-container\">\n\t\t\t\t\t\t\t<div class=\"elementor-icon-wrapper\">\n\t\t\t<div class=\"elementor-icon\">\n\t\t\t<i aria-hidden=\"true\" class=\"fas fa-arrow-up\"><\/i>\t\t\t<\/div>\n\t\t<\/div>\n\t\t\t\t\t\t<\/div>\n\t\t\t\t<\/div>\n\t\t\t\t<\/div>\n\t\t\t\t<\/div>\n\t\t\t\t<div class=\"elementor-element elementor-element-26a63b6 elementor-widget elementor-widget-video\" data-id=\"26a63b6\" data-element_type=\"widget\" data-settings=\"{&quot;video_type&quot;:&quot;hosted&quot;,&quot;autoplay&quot;:&quot;yes&quot;,&quot;play_on_mobile&quot;:&quot;yes&quot;,&quot;loop&quot;:&quot;yes&quot;,&quot;controls&quot;:&quot;yes&quot;}\" data-widget_type=\"video.default\">\n\t\t\t\t<div class=\"elementor-widget-container\">\n\t\t\t\t\t\t\t<div class=\"e-hosted-video elementor-wrapper elementor-open-inline\">\n\t\t\t\t\t<video class=\"elementor-video\" src=\"https:\/\/raffodev.com\/wp-content\/uploads\/2026\/02\/kuchu-casa-de-estadia-cut.mp4\" autoplay=\"\" loop=\"\" controls=\"\" playsinline=\"\" controlslist=\"nodownload\"><\/video>\n\t\t\t\t<\/div>\n\t\t\t\t\t\t<\/div>\n\t\t\t\t<\/div>\n\t\t\t\t<\/div>\n\t\t\t\t<\/div>\n\t\t<div class=\"elementor-element elementor-element-135021b1 e-con-full e-flex e-con e-parent\" data-id=\"135021b1\" data-element_type=\"container\" data-settings=\"{&quot;background_background&quot;:&quot;classic&quot;}\">\n\t\t<div class=\"elementor-element elementor-element-6d107d8a e-con-full e-flex e-con e-child\" data-id=\"6d107d8a\" data-element_type=\"container\">\n\t\t<div class=\"elementor-element elementor-element-5fe5dbf7 e-con-full e-flex e-con e-child\" data-id=\"5fe5dbf7\" data-element_type=\"container\">\n\t\t<div class=\"elementor-element elementor-element-47b39c34 e-con-full e-flex e-con e-child\" data-id=\"47b39c34\" data-element_type=\"container\">\n\t\t\t\t<div class=\"elementor-element elementor-element-86815e8 elementor-widget elementor-widget-heading\" data-id=\"86815e8\" data-element_type=\"widget\" data-widget_type=\"heading.default\">\n\t\t\t\t<div class=\"elementor-widget-container\">\n\t\t\t\t\t<h2 class=\"elementor-heading-title elementor-size-default\">Amazon<\/h2>\t\t\t\t<\/div>\n\t\t\t\t<\/div>\n\t\t\t\t<div class=\"elementor-element elementor-element-52273817 elementor-widget elementor-widget-heading\" data-id=\"52273817\" data-element_type=\"widget\" data-widget_type=\"heading.default\">\n\t\t\t\t<div class=\"elementor-widget-container\">\n\t\t\t\t\t<h2 class=\"elementor-heading-title elementor-size-default\">Shopify<\/h2>\t\t\t\t<\/div>\n\t\t\t\t<\/div>\n\t\t\t\t<\/div>\n\t\t<div class=\"elementor-element elementor-element-6bb88c41 e-con-full e-flex e-con e-child\" data-id=\"6bb88c41\" data-element_type=\"container\">\n\t\t\t\t<div class=\"elementor-element elementor-element-32bf5c60 elementor-widget elementor-widget-heading\" data-id=\"32bf5c60\" data-element_type=\"widget\" data-widget_type=\"heading.default\">\n\t\t\t\t<div class=\"elementor-widget-container\">\n\t\t\t\t\t<h1 class=\"elementor-heading-title elementor-size-default\">ecommerce<\/h1>\t\t\t\t<\/div>\n\t\t\t\t<\/div>\n\t\t\t\t<\/div>\n\t\t\t\t<\/div>\n\t\t\t\t<div class=\"elementor-element elementor-element-2052d2c1 elementor-widget elementor-widget-heading\" data-id=\"2052d2c1\" data-element_type=\"widget\" data-widget_type=\"heading.default\">\n\t\t\t\t<div class=\"elementor-widget-container\">\n\t\t\t\t\t<h2 class=\"elementor-heading-title elementor-size-default\"><p>Ayudamos a las empresas a lanzar, gestionar y escalar su presencia en eCommerce a trav\u00e9s de plataformas potentes como Amazon y Shopify.<\/p><p>Nuestros servicios incluyen la configuraci\u00f3n de tiendas, optimizaci\u00f3n de productos, seguimiento de rendimiento e integraciones estrat\u00e9gicas dise\u00f1adas para aumentar la visibilidad, mejorar las conversiones y maximizar las ventas. Ya sea que est\u00e9s lanzando una nueva tienda online o expandiendo tu presencia en marketplaces globales, creamos soluciones optimizadas y escalables adaptadas a los objetivos de tu negocio.<span style=\"font-size: 1.4vw\"><\/span><\/p><\/h2>\t\t\t\t<\/div>\n\t\t\t\t<\/div>\n\t\t<div class=\"elementor-element elementor-element-73308562 e-con-full e-flex e-con e-child\" data-id=\"73308562\" data-element_type=\"container\">\n\t\t\t\t<div class=\"elementor-element elementor-element-531bd8c9 elementor-align-left elementor-widget__width-auto elementor-widget elementor-widget-button\" data-id=\"531bd8c9\" data-element_type=\"widget\" data-widget_type=\"button.default\">\n\t\t\t\t<div class=\"elementor-widget-container\">\n\t\t\t\t\t\t\t\t\t<div class=\"elementor-button-wrapper\">\n\t\t\t\t\t<a class=\"elementor-button elementor-button-link elementor-size-sm\" href=\"https:\/\/raffodev.com\/es\/contact\/\">\n\t\t\t\t\t\t<span class=\"elementor-button-content-wrapper\">\n\t\t\t\t\t\t\t\t\t<span class=\"elementor-button-text\">M\u00e1s info<\/span>\n\t\t\t\t\t<\/span>\n\t\t\t\t\t<\/a>\n\t\t\t\t<\/div>\n\t\t\t\t\t\t\t\t<\/div>\n\t\t\t\t<\/div>\n\t\t\t\t<\/div>\n\t\t\t\t<\/div>\n\t\t<div class=\"elementor-element elementor-element-bad950f e-con-full e-flex e-con e-child\" data-id=\"bad950f\" data-element_type=\"container\">\n\t\t\t\t<div data-uk-parallax=\"y: &#039;-20,180&#039;,\" class=\"elementor-element elementor-element-26e94bb elementor-widget elementor-widget-image\" data-id=\"26e94bb\" data-element_type=\"widget\" data-widget_type=\"image.default\">\n\t\t\t\t<div class=\"elementor-widget-container\">\n\t\t\t\t\t\t\t\t\t\t\t\t\t\t\t<img decoding=\"async\" src=\"https:\/\/raffodev.com\/wp-content\/uploads\/elementor\/thumbs\/shopify-ripz6vbcaezw7srtfrxo7qj21m3qdk7xaqa5n5kcuo.webp\" title=\"shopify\" alt=\"shopify\" loading=\"lazy\" \/>\t\t\t\t\t\t\t\t\t\t\t\t\t\t\t<\/div>\n\t\t\t\t<\/div>\n\t\t\t\t<\/div>\n\t\t<div class=\"elementor-element elementor-element-10e7579c e-con-full e-flex e-con e-child\" data-id=\"10e7579c\" data-element_type=\"container\">\n\t\t\t\t<div class=\"elementor-element elementor-element-4cf29f6 elementor-widget elementor-widget-image\" data-id=\"4cf29f6\" data-element_type=\"widget\" data-widget_type=\"image.default\">\n\t\t\t\t<div class=\"elementor-widget-container\">\n\t\t\t\t\t\t\t\t\t\t\t\t\t\t\t<img decoding=\"async\" src=\"https:\/\/raffodev.com\/wp-content\/uploads\/elementor\/thumbs\/amazon-logo-phone-ripz8p3z53x3khsrxqn7u48ljwo60v1p46rsxpwcow.webp\" title=\"amazon logo phone\" alt=\"amazon logo phone\" loading=\"lazy\" \/>\t\t\t\t\t\t\t\t\t\t\t\t\t\t\t<\/div>\n\t\t\t\t<\/div>\n\t\t\t\t<\/div>\n\t\t\t\t<\/div>\n\t\t\t\t<\/div>","protected":false},"excerpt":{"rendered":"<p>products AI solutions We help businesses grow and operate smarter through Artificial Intelligence. Our AI solutions automate repetitive tasks, improve customer experiences, and transform data into strategic insights. We build intelligent systems that reduce costs, increase efficiency, and create new opportunities for digital growth. find out https:\/\/raffodev.com\/wp-content\/uploads\/2026\/02\/AI-Solutions-Barbadens.mp4 apps We design and develop high-performance iOS applications [&hellip;]<\/p>","protected":false},"author":1,"featured_media":0,"parent":0,"menu_order":0,"comment_status":"closed","ping_status":"closed","template":"elementor_header_footer","meta":{"footnotes":""},"class_list":["post-885","page","type-page","status-publish"],"_links":{"self":[{"href":"https:\/\/raffodev.com\/es\/wp-json\/wp\/v2\/pages\/885","targetHints":{"allow":["GET"]}}],"collection":[{"href":"https:\/\/raffodev.com\/es\/wp-json\/wp\/v2\/pages"}],"about":[{"href":"https:\/\/raffodev.com\/es\/wp-json\/wp\/v2\/types\/page"}],"author":[{"embeddable":true,"href":"https:\/\/raffodev.com\/es\/wp-json\/wp\/v2\/users\/1"}],"replies":[{"embeddable":true,"href":"https:\/\/raffodev.com\/es\/wp-json\/wp\/v2\/comments?post=885"}],"version-history":[{"count":8,"href":"https:\/\/raffodev.com\/es\/wp-json\/wp\/v2\/pages\/885\/revisions"}],"predecessor-version":[{"id":925,"href":"https:\/\/raffodev.com\/es\/wp-json\/wp\/v2\/pages\/885\/revisions\/925"}],"wp:attachment":[{"href":"https:\/\/raffodev.com\/es\/wp-json\/wp\/v2\/media?parent=885"}],"curies":[{"name":"wp","href":"https:\/\/api.w.org\/{rel}","templated":true}]}}